{"id":29,"date":"2020-09-01T15:29:52","date_gmt":"2020-09-01T13:29:52","guid":{"rendered":"https:\/\/start.ims-chips.de\/?page_id=29"},"modified":"2025-05-09T09:46:51","modified_gmt":"2025-05-09T07:46:51","slug":"impressum","status":"publish","type":"page","link":"https:\/\/www.ims-chips.de\/?page_id=29","title":{"rendered":"Impressum"},"content":{"rendered":"\t\t<div data-elementor-type=\"wp-page\" data-elementor-id=\"29\" class=\"elementor elementor-29\">\n\t\t\t\t\t\t<section class=\"elementor-section elementor-top-section elementor-element elementor-element-2468e7ff elementor-section-boxed elementor-section-height-default elementor-section-height-default exad-glass-effect-no exad-sticky-section-no\" data-id=\"2468e7ff\" data-element_type=\"section\" data-e-type=\"section\">\n\t\t\t\t\t\t<div class=\"elementor-container elementor-column-gap-default\">\n\t\t\t\t\t<div class=\"elementor-column elementor-col-100 elementor-top-column elementor-element elementor-element-342d1ee7 exad-glass-effect-no exad-sticky-section-no\" data-id=\"342d1ee7\" data-element_type=\"column\" data-e-type=\"column\">\n\t\t\t<div class=\"elementor-widget-wrap elementor-element-populated\">\n\t\t\t\t\t\t<div class=\"elementor-element elementor-element-068aa34 exad-sticky-section-no exad-glass-effect-no elementor-widget elementor-widget-heading\" data-id=\"068aa34\" data-element_type=\"widget\" data-e-type=\"widget\" data-widget_type=\"heading.default\">\n\t\t\t\t<div class=\"elementor-widget-container\">\n\t\t\t\t\t<h2 class=\"elementor-heading-title elementor-size-default\">Impressum<\/h2>\t\t\t\t<\/div>\n\t\t\t\t<\/div>\n\t\t\t\t<div class=\"elementor-element elementor-element-16025bae exad-sticky-section-no exad-glass-effect-no elementor-widget elementor-widget-text-editor\" data-id=\"16025bae\" data-element_type=\"widget\" data-e-type=\"widget\" data-widget_type=\"text-editor.default\">\n\t\t\t\t<div class=\"elementor-widget-container\">\n\t\t\t\t\t\t\t\t\t<p>Das Institut f\u00fcr Mikroelektronik Stuttgart (IMS CHIPS) ist eine Stiftung des b\u00fcrgerlichen Rechts und wird durch den gesch\u00e4ftsf\u00fchrenden Institutsleiter Prof. Dr. Niels Quack gesetzlich vertreten.<\/p><p>VAT \/ USt-Id-Nr.: DE147794161<\/p><p>Stiftungsnummer: 14-0563, Regierungspr\u00e4sidum Stuttgart<\/p><p><strong>Zust\u00e4ndige Aufsichtsbeh\u00f6rde<\/strong><\/p><p>Wirtschaftsministerium Baden-W\u00fcrttemberg<br \/>Theodor-Heuss-Stra\u00dfe 4<br \/>70174 Stuttgart<\/p><p><strong>Verantwortlich f\u00fcr den Inhalt gem\u00e4\u00df \u00a710 Abs. 3 MDStV<\/strong><\/p><p>F\u00fcr die zentralen Seiten des Instituts f\u00fcr Mikroelektronik Stuttgart ist der gesch\u00e4ftsf\u00fchrende Institutsleiter Prof. Dr. Niels Quack verantwortlich.<br \/>F\u00fcr die fachbereichsspezifischen Seiten ist der jeweilige Fachbereich verantwortlich.<\/p><p><strong>Gestaltung, Umsetzung und inhaltliche Betreuung der Homepage<\/strong><\/p><p>Institut f\u00fcr Mikroelektronik Stuttgart<br \/>IMS CHIPS<br \/>Allmandring 30a<br \/>70569 Stuttgart<br \/>Tel.: +49 711 21855-0<br \/>Fax: +49 711 21855-111<br \/>info@ims-chips.de<\/p><p>Sollten Verweise auf andere Websites ins Leere f\u00fchren oder keine aktuellen Informationen mehr bieten, bitten wir um Mitteilung an: webmaster@ims-chips.de<\/p><p><strong>Gesetzlicher Hinweis<\/strong><\/p><p>Sie werden eventuell um die Angabe pers\u00f6nlicher Informationen gebeten. Die Beantwortung dieser Fragen ist freiwillig. S\u00e4mtliche auf der Website von IMS erhobenen pers\u00f6nlichen Daten werden ausschlie\u00dflich zu Ihrer individuellen Betreuung, der \u00dcbersendung von Produktinformationen oder der Unterbreitung von Service-Angeboten gespeichert und\/oder verarbeitet. IMS sichert zu, dass Ihre Angaben entsprechend den geltenden datenschutzrechtlichen Bestimmungen vertraulich behandelt werden.<\/p><p>IMS haftet nicht f\u00fcr Inhalte und Darstellungen anderer Websites, auf die Sie \u00fcber die IMS-Website gelangen k\u00f6nnen. Wenn Sie per Hyperlink auf eine Nicht-IMS-Website zugreifen, ist das eine unabh\u00e4ngige Site, auf deren Inhalt wir keinen Einfluss haben.<\/p><p><strong>Copyrights<\/strong><\/p><p>\u00a9 Copyright Institut f\u00fcr Mikroelektronik Stuttgart, Deutschland. Alle Rechte vorbehalten. Text, Bilder, Grafiken, Sound, Animationen und Videos sowie deren Anordnung auf den IMS-Websites unterliegen dem Schutz des Urheberrechts und anderer Schutzgesetze.<\/p><p>Der Inhalt dieser Websites darf nicht zu kommerziellen Zwecken kopiert, verbreitet, ver\u00e4ndert oder Dritten zug\u00e4nglich gemacht werden. Einige IMS-Websites enthalten au\u00dferdem Bilder, die dem Copyright Dritter unterliegen.<\/p><p><strong>Markenzeichen<\/strong><\/p><p>Soweit nicht anders angegeben, sind alle Markenzeichen auf den IMS-Websites markenrechtlich gesch\u00fctzt. Dies gilt insbesondere f\u00fcr IMS-Marken, Firmenlogos und Embleme.<\/p><p>Andere Firmen-, Produkt- und Warenzeichen sind Eigentum des jeweils eingetragenen Inhabers.<\/p><p><strong>Keine Garantie<\/strong><\/p><p>Die Websites wurden mit gr\u00f6\u00dftm\u00f6glicher Sorgfalt zusammengestellt. Trotzdem kann IMS die Fehlerfreiheit und Genauigkeit der darin enthaltenen Informationen nicht garantieren. IMS schlie\u00dft jegliche Haftung f\u00fcr Sch\u00e4den, die direkt oder indirekt aus der Benutzung der Websites entstehen, aus.<\/p>\t\t\t\t\t\t\t\t<\/div>\n\t\t\t\t<\/div>\n\t\t\t\t\t<\/div>\n\t\t<\/div>\n\t\t\t\t\t<\/div>\n\t\t<\/section>\n\t\t\t\t<section class=\"elementor-section elementor-top-section elementor-element elementor-element-f0495e5 elementor-section-boxed elementor-section-height-default elementor-section-height-default exad-glass-effect-no exad-sticky-section-no\" data-id=\"f0495e5\" data-element_type=\"section\" data-e-type=\"section\">\n\t\t\t\t\t\t<div class=\"elementor-container elementor-column-gap-default\">\n\t\t\t\t\t<div class=\"elementor-column elementor-col-100 elementor-top-column elementor-element elementor-element-e3e20ff exad-glass-effect-no exad-sticky-section-no\" data-id=\"e3e20ff\" data-element_type=\"column\" data-e-type=\"column\">\n\t\t\t<div class=\"elementor-widget-wrap elementor-element-populated\">\n\t\t\t\t\t\t<div class=\"elementor-element elementor-element-10c34e0 exad-sticky-section-no exad-glass-effect-no elementor-widget elementor-widget-spacer\" data-id=\"10c34e0\" data-element_type=\"widget\" data-e-type=\"widget\" data-widget_type=\"spacer.default\">\n\t\t\t\t<div class=\"elementor-widget-container\">\n\t\t\t\t\t\t\t<div class=\"elementor-spacer\">\n\t\t\t<div class=\"elementor-spacer-inner\"><\/div>\n\t\t<\/div>\n\t\t\t\t\t\t<\/div>\n\t\t\t\t<\/div>\n\t\t\t\t\t<\/div>\n\t\t<\/div>\n\t\t\t\t\t<\/div>\n\t\t<\/section>\n\t\t\t\t<\/div>\n\t\t","protected":false},"excerpt":{"rendered":"<p>Impressum Das Institut f\u00fcr Mikroelektronik Stuttgart (IMS CHIPS) ist eine Stiftung des b\u00fcrgerlichen Rechts und wird durch den gesch\u00e4ftsf\u00fchrenden Institutsleiter Prof. Dr. Niels Quack gesetzlich vertreten. VAT \/ USt-Id-Nr.: DE147794161 Stiftungsnummer: 14-0563, Regierungspr\u00e4sidum Stuttgart Zust\u00e4ndige Aufsichtsbeh\u00f6rde Wirtschaftsministerium Baden-W\u00fcrttembergTheodor-Heuss-Stra\u00dfe 470174 Stuttgart Verantwortlich f\u00fcr den Inhalt gem\u00e4\u00df \u00a710 Abs. 3 MDStV F\u00fcr [&hellip;]<\/p>\n","protected":false},"author":1,"featured_media":0,"parent":0,"menu_order":0,"comment_status":"closed","ping_status":"closed","template":"","meta":{"footnotes":""},"class_list":["post-29","page","type-page","status-publish","hentry"],"yoast_head":"<!-- This site is optimized with the Yoast SEO plugin v27.1.1 - https:\/\/yoast.com\/product\/yoast-seo-wordpress\/ -->\n<title>Impressum - Institut f\u00fcr Mikroelektronik Stuttgart<\/title>\n<meta name=\"description\" content=\"Das Institut f\u00fcr Mikroelektronik Stuttgart (IMS CHIPS) ist eine Stiftung des b\u00fcrgerlichen Rechts und wird durch den Institutsleiter Professor Dr.-Ing. Joachim Burghartz gesetzlich vertreten.\" \/>\n<meta name=\"robots\" content=\"index, follow, max-snippet:-1, max-image-preview:large, max-video-preview:-1\" \/>\n<link rel=\"canonical\" href=\"https:\/\/www.ims-chips.de\/?page_id=29\" \/>\n<meta property=\"og:locale\" content=\"de_DE\" \/>\n<meta property=\"og:type\" content=\"article\" \/>\n<meta property=\"og:title\" content=\"Impressum - Institut f\u00fcr Mikroelektronik Stuttgart\" \/>\n<meta property=\"og:description\" content=\"Das Institut f\u00fcr Mikroelektronik Stuttgart (IMS CHIPS) ist eine Stiftung des b\u00fcrgerlichen Rechts und wird durch den Institutsleiter Professor Dr.-Ing. Joachim Burghartz gesetzlich vertreten.\" \/>\n<meta property=\"og:url\" content=\"https:\/\/www.ims-chips.de\/?page_id=29\" \/>\n<meta property=\"og:site_name\" content=\"Institut f\u00fcr Mikroelektronik Stuttgart\" \/>\n<meta property=\"article:modified_time\" content=\"2025-05-09T07:46:51+00:00\" \/>\n<meta name=\"twitter:card\" content=\"summary_large_image\" \/>\n<meta name=\"twitter:label1\" content=\"Gesch\u00e4tzte Lesezeit\" \/>\n\t<meta name=\"twitter:data1\" content=\"2\u00a0Minuten\" \/>\n<script type=\"application\/ld+json\" class=\"yoast-schema-graph\">{\"@context\":\"https:\/\/schema.org\",\"@graph\":[{\"@type\":\"WebPage\",\"@id\":\"https:\/\/www.ims-chips.de\/?page_id=29\",\"url\":\"https:\/\/www.ims-chips.de\/?page_id=29\",\"name\":\"Impressum - Institut f\u00fcr Mikroelektronik Stuttgart\",\"isPartOf\":{\"@id\":\"https:\/\/www.ims-chips.de\/#website\"},\"datePublished\":\"2020-09-01T13:29:52+00:00\",\"dateModified\":\"2025-05-09T07:46:51+00:00\",\"description\":\"Das Institut f\u00fcr Mikroelektronik Stuttgart (IMS CHIPS) ist eine Stiftung des b\u00fcrgerlichen Rechts und wird durch den Institutsleiter Professor Dr.-Ing. Joachim Burghartz gesetzlich vertreten.\",\"breadcrumb\":{\"@id\":\"https:\/\/www.ims-chips.de\/?page_id=29#breadcrumb\"},\"inLanguage\":\"de\",\"potentialAction\":[{\"@type\":\"ReadAction\",\"target\":[\"https:\/\/www.ims-chips.de\/?page_id=29\"]}]},{\"@type\":\"BreadcrumbList\",\"@id\":\"https:\/\/www.ims-chips.de\/?page_id=29#breadcrumb\",\"itemListElement\":[{\"@type\":\"ListItem\",\"position\":1,\"name\":\"Startseite\",\"item\":\"https:\/\/www.ims-chips.de\/\"},{\"@type\":\"ListItem\",\"position\":2,\"name\":\"Impressum\"}]},{\"@type\":\"WebSite\",\"@id\":\"https:\/\/www.ims-chips.de\/#website\",\"url\":\"https:\/\/www.ims-chips.de\/\",\"name\":\"Institut f\u00fcr Mikroelektronik Stuttgart\",\"description\":\"\",\"publisher\":{\"@id\":\"https:\/\/www.ims-chips.de\/#organization\"},\"potentialAction\":[{\"@type\":\"SearchAction\",\"target\":{\"@type\":\"EntryPoint\",\"urlTemplate\":\"https:\/\/www.ims-chips.de\/?s={search_term_string}\"},\"query-input\":{\"@type\":\"PropertyValueSpecification\",\"valueRequired\":true,\"valueName\":\"search_term_string\"}}],\"inLanguage\":\"de\"},{\"@type\":\"Organization\",\"@id\":\"https:\/\/www.ims-chips.de\/#organization\",\"name\":\"Institut f\u00fcr Mikroelektronik Stuttgart\",\"alternateName\":\"IMS CHIPS\",\"url\":\"https:\/\/www.ims-chips.de\/\",\"logo\":{\"@type\":\"ImageObject\",\"inLanguage\":\"de\",\"@id\":\"https:\/\/www.ims-chips.de\/#\/schema\/logo\/image\/\",\"url\":\"https:\/\/www.ims-chips.de\/wp-content\/uploads\/2020\/09\/logo_ims.png\",\"contentUrl\":\"https:\/\/www.ims-chips.de\/wp-content\/uploads\/2020\/09\/logo_ims.png\",\"width\":262,\"height\":65,\"caption\":\"Institut f\u00fcr Mikroelektronik Stuttgart\"},\"image\":{\"@id\":\"https:\/\/www.ims-chips.de\/#\/schema\/logo\/image\/\"}}]}<\/script>\n<!-- \/ Yoast SEO plugin. -->","yoast_head_json":{"title":"Impressum - Institut f\u00fcr Mikroelektronik Stuttgart","description":"Das Institut f\u00fcr Mikroelektronik Stuttgart (IMS CHIPS) ist eine Stiftung des b\u00fcrgerlichen Rechts und wird durch den Institutsleiter Professor Dr.-Ing. Joachim Burghartz gesetzlich vertreten.","robots":{"index":"index","follow":"follow","max-snippet":"max-snippet:-1","max-image-preview":"max-image-preview:large","max-video-preview":"max-video-preview:-1"},"canonical":"https:\/\/www.ims-chips.de\/?page_id=29","og_locale":"de_DE","og_type":"article","og_title":"Impressum - Institut f\u00fcr Mikroelektronik Stuttgart","og_description":"Das Institut f\u00fcr Mikroelektronik Stuttgart (IMS CHIPS) ist eine Stiftung des b\u00fcrgerlichen Rechts und wird durch den Institutsleiter Professor Dr.-Ing. Joachim Burghartz gesetzlich vertreten.","og_url":"https:\/\/www.ims-chips.de\/?page_id=29","og_site_name":"Institut f\u00fcr Mikroelektronik Stuttgart","article_modified_time":"2025-05-09T07:46:51+00:00","twitter_card":"summary_large_image","twitter_misc":{"Gesch\u00e4tzte Lesezeit":"2\u00a0Minuten"},"schema":{"@context":"https:\/\/schema.org","@graph":[{"@type":"WebPage","@id":"https:\/\/www.ims-chips.de\/?page_id=29","url":"https:\/\/www.ims-chips.de\/?page_id=29","name":"Impressum - Institut f\u00fcr Mikroelektronik Stuttgart","isPartOf":{"@id":"https:\/\/www.ims-chips.de\/#website"},"datePublished":"2020-09-01T13:29:52+00:00","dateModified":"2025-05-09T07:46:51+00:00","description":"Das Institut f\u00fcr Mikroelektronik Stuttgart (IMS CHIPS) ist eine Stiftung des b\u00fcrgerlichen Rechts und wird durch den Institutsleiter Professor Dr.-Ing. Joachim Burghartz gesetzlich vertreten.","breadcrumb":{"@id":"https:\/\/www.ims-chips.de\/?page_id=29#breadcrumb"},"inLanguage":"de","potentialAction":[{"@type":"ReadAction","target":["https:\/\/www.ims-chips.de\/?page_id=29"]}]},{"@type":"BreadcrumbList","@id":"https:\/\/www.ims-chips.de\/?page_id=29#breadcrumb","itemListElement":[{"@type":"ListItem","position":1,"name":"Startseite","item":"https:\/\/www.ims-chips.de\/"},{"@type":"ListItem","position":2,"name":"Impressum"}]},{"@type":"WebSite","@id":"https:\/\/www.ims-chips.de\/#website","url":"https:\/\/www.ims-chips.de\/","name":"Institut f\u00fcr Mikroelektronik Stuttgart","description":"","publisher":{"@id":"https:\/\/www.ims-chips.de\/#organization"},"potentialAction":[{"@type":"SearchAction","target":{"@type":"EntryPoint","urlTemplate":"https:\/\/www.ims-chips.de\/?s={search_term_string}"},"query-input":{"@type":"PropertyValueSpecification","valueRequired":true,"valueName":"search_term_string"}}],"inLanguage":"de"},{"@type":"Organization","@id":"https:\/\/www.ims-chips.de\/#organization","name":"Institut f\u00fcr Mikroelektronik Stuttgart","alternateName":"IMS CHIPS","url":"https:\/\/www.ims-chips.de\/","logo":{"@type":"ImageObject","inLanguage":"de","@id":"https:\/\/www.ims-chips.de\/#\/schema\/logo\/image\/","url":"https:\/\/www.ims-chips.de\/wp-content\/uploads\/2020\/09\/logo_ims.png","contentUrl":"https:\/\/www.ims-chips.de\/wp-content\/uploads\/2020\/09\/logo_ims.png","width":262,"height":65,"caption":"Institut f\u00fcr Mikroelektronik Stuttgart"},"image":{"@id":"https:\/\/www.ims-chips.de\/#\/schema\/logo\/image\/"}}]}},"_links":{"self":[{"href":"https:\/\/www.ims-chips.de\/index.php?rest_route=\/wp\/v2\/pages\/29","targetHints":{"allow":["GET"]}}],"collection":[{"href":"https:\/\/www.ims-chips.de\/index.php?rest_route=\/wp\/v2\/pages"}],"about":[{"href":"https:\/\/www.ims-chips.de\/index.php?rest_route=\/wp\/v2\/types\/page"}],"author":[{"embeddable":true,"href":"https:\/\/www.ims-chips.de\/index.php?rest_route=\/wp\/v2\/users\/1"}],"replies":[{"embeddable":true,"href":"https:\/\/www.ims-chips.de\/index.php?rest_route=%2Fwp%2Fv2%2Fcomments&post=29"}],"version-history":[{"count":9,"href":"https:\/\/www.ims-chips.de\/index.php?rest_route=\/wp\/v2\/pages\/29\/revisions"}],"predecessor-version":[{"id":12735,"href":"https:\/\/www.ims-chips.de\/index.php?rest_route=\/wp\/v2\/pages\/29\/revisions\/12735"}],"wp:attachment":[{"href":"https:\/\/www.ims-chips.de\/index.php?rest_route=%2Fwp%2Fv2%2Fmedia&parent=29"}],"curies":[{"name":"wp","href":"https:\/\/api.w.org\/{rel}","templated":true}]}}